{"id":48,"date":"2024-08-26T17:43:37","date_gmt":"2024-08-26T17:43:37","guid":{"rendered":"https:\/\/hittour.com.br\/?page_id=48"},"modified":"2024-08-28T03:30:09","modified_gmt":"2024-08-28T03:30:09","slug":"novidades","status":"publish","type":"page","link":"http:\/\/hittour.com.br\/?page_id=48","title":{"rendered":"Novidades"},"content":{"rendered":"\t\t<div data-elementor-type=\"wp-page\" data-elementor-id=\"48\" class=\"elementor elementor-48\" data-elementor-post-type=\"page\">\n\t\t\t\t<div class=\"elementor-element elementor-element-552008d e-flex e-con-boxed e-con e-parent\" data-id=\"552008d\" data-element_type=\"container\" data-e-type=\"container\">\n\t\t\t\t\t<div class=\"e-con-inner\">\n\t\t<div class=\"elementor-element elementor-element-589c5b6 e-con-full e-flex e-con e-child\" data-id=\"589c5b6\" data-element_type=\"container\" data-e-type=\"container\">\n\t\t\t\t<div class=\"elementor-element elementor-element-6e6a58c elementor-widget elementor-widget-heading\" data-id=\"6e6a58c\" data-element_type=\"widget\" data-e-type=\"widget\" data-widget_type=\"heading.default\">\n\t\t\t\t<div class=\"elementor-widget-container\">\n\t\t\t\t\t<h1 class=\"elementor-heading-title elementor-size-default\">Novidades<\/h1>\t\t\t\t<\/div>\n\t\t\t\t<\/div>\n\t\t\t\t<div class=\"elementor-element elementor-element-538838c elementor-widget elementor-widget-heading\" data-id=\"538838c\" data-element_type=\"widget\" data-e-type=\"widget\" data-widget_type=\"heading.default\">\n\t\t\t\t<div class=\"elementor-widget-container\">\n\t\t\t\t\t<h4 class=\"elementor-heading-title elementor-size-default\">Novidades<\/h4>\t\t\t\t<\/div>\n\t\t\t\t<\/div>\n\t\t\t\t<div class=\"elementor-element elementor-element-0d792e6 elementor-widget elementor-widget-image\" data-id=\"0d792e6\" data-element_type=\"widget\" data-e-type=\"widget\" data-widget_type=\"image.default\">\n\t\t\t\t<div class=\"elementor-widget-container\">\n\t\t\t\t\t\t\t\t\t\t\t\t\t\t\t<img decoding=\"async\" width=\"49\" height=\"18\" src=\"http:\/\/hittour.com.br\/wp-content\/uploads\/2024\/08\/icon-aviao.svg\" class=\"attachment-large size-large wp-image-147\" alt=\"\" \/>\t\t\t\t\t\t\t\t\t\t\t\t\t\t\t<\/div>\n\t\t\t\t<\/div>\n\t\t\t\t<\/div>\n\t\t\t\t\t<\/div>\n\t\t\t\t<\/div>\n\t\t<div class=\"elementor-element elementor-element-8d2b785 e-flex e-con-boxed e-con e-parent\" data-id=\"8d2b785\" data-element_type=\"container\" data-e-type=\"container\">\n\t\t\t\t\t<div class=\"e-con-inner\">\n\t\t\t\t<div class=\"elementor-element elementor-element-c5bb347 elementor-grid-3 elementor-grid-tablet-2 elementor-grid-mobile-1 elementor-widget elementor-widget-loop-grid\" data-id=\"c5bb347\" data-element_type=\"widget\" data-e-type=\"widget\" data-settings=\"{&quot;template_id&quot;:&quot;419&quot;,&quot;pagination_type&quot;:&quot;numbers_and_prev_next&quot;,&quot;row_gap&quot;:{&quot;unit&quot;:&quot;px&quot;,&quot;size&quot;:30,&quot;sizes&quot;:[]},&quot;row_gap_mobile&quot;:{&quot;unit&quot;:&quot;px&quot;,&quot;size&quot;:20,&quot;sizes&quot;:[]},&quot;_skin&quot;:&quot;post&quot;,&quot;columns&quot;:&quot;3&quot;,&quot;columns_tablet&quot;:&quot;2&quot;,&quot;columns_mobile&quot;:&quot;1&quot;,&quot;edit_handle_selector&quot;:&quot;[data-elementor-type=\\&quot;loop-item\\&quot;]&quot;,&quot;pagination_load_type&quot;:&quot;page_reload&quot;,&quot;row_gap_tablet&quot;:{&quot;unit&quot;:&quot;px&quot;,&quot;size&quot;:&quot;&quot;,&quot;sizes&quot;:[]}}\" data-widget_type=\"loop-grid.post\">\n\t\t\t\t<div class=\"elementor-widget-container\">\n\t\t\t\t\t\t\t<div class=\"elementor-loop-container elementor-grid\" role=\"list\">\n\t\t<style id=\"loop-419\">.elementor-419 .elementor-element.elementor-element-2eaf3d6{--display:flex;--align-items:center;--container-widget-width:calc( ( 1 - var( --container-widget-flex-grow ) ) * 100% );--gap:0px 0px;--row-gap:0px;--column-gap:0px;border-style:solid;--border-style:solid;border-width:2px 2px 2px 2px;--border-top-width:2px;--border-right-width:2px;--border-bottom-width:2px;--border-left-width:2px;border-color:var( --e-global-color-accent );--border-color:var( --e-global-color-accent );--border-radius:10px 10px 10px 10px;box-shadow:0px 0px 12px 0px rgba(77.00000000000011, 48.99999999999999, 129, 0.25);--padding-top:0px;--padding-bottom:0px;--padding-left:0px;--padding-right:0px;}.elementor-419 .elementor-element.elementor-element-2eaf3d6:not(.elementor-motion-effects-element-type-background), .elementor-419 .elementor-element.elementor-element-2eaf3d6 > .elementor-motion-effects-container > .elementor-motion-effects-layer{background-color:#1E1E1E;}.elementor-419 .elementor-element.elementor-element-3acdcf2{--display:flex;--padding-top:0px;--padding-bottom:0px;--padding-left:0px;--padding-right:0px;}.elementor-419 .elementor-element.elementor-element-e0a3a05 img{width:100%;height:250px;object-fit:cover;object-position:center center;border-radius:10px 10px 10px 10px;}.elementor-419 .elementor-element.elementor-element-e0a3a05:hover img{opacity:0.9;}.elementor-419 .elementor-element.elementor-element-b0e96fc{--display:flex;--padding-top:50px;--padding-bottom:35px;--padding-left:30px;--padding-right:30px;}.elementor-419 .elementor-element.elementor-element-812dd2a .elementor-heading-title{font-size:24px;line-height:28px;letter-spacing:0px;color:var( --e-global-color-accent );}.elementor-419 .elementor-element.elementor-element-21f6348 .elementor-widget-container{color:#D6D4E1;}.elementor-419 .elementor-element.elementor-element-b6ef80b .elementor-icon-list-icon i{color:var( --e-global-color-accent );font-size:14px;}.elementor-419 .elementor-element.elementor-element-b6ef80b .elementor-icon-list-icon svg{fill:var( --e-global-color-accent );--e-icon-list-icon-size:14px;}.elementor-419 .elementor-element.elementor-element-b6ef80b .elementor-icon-list-icon{width:14px;}.elementor-419 .elementor-element.elementor-element-b6ef80b .elementor-icon-list-text, .elementor-419 .elementor-element.elementor-element-b6ef80b .elementor-icon-list-text a{color:#9E9E9E;}.elementor-419 .elementor-element.elementor-element-b6ef80b .elementor-icon-list-item{font-size:14px;line-height:22px;}@media(max-width:1024px){.elementor-419 .elementor-element.elementor-element-e0a3a05{text-align:center;}.elementor-419 .elementor-element.elementor-element-e0a3a05 img{max-width:100%;height:300px;object-position:center center;}}@media(max-width:767px){.elementor-419 .elementor-element.elementor-element-2eaf3d6{--gap:20px 20px;--row-gap:20px;--column-gap:20px;}.elementor-419 .elementor-element.elementor-element-e0a3a05 img{height:200px;}.elementor-419 .elementor-element.elementor-element-812dd2a .elementor-heading-title{font-size:24px;line-height:30px;}}<\/style>\t\t<div data-elementor-type=\"loop-item\" data-elementor-id=\"419\" class=\"elementor elementor-419 e-loop-item e-loop-item-395 post-395 post type-post status-publish format-standard has-post-thumbnail hentry category-uncategorized\" data-elementor-post-type=\"elementor_library\" data-custom-edit-handle=\"1\">\n\t\t\t<div class=\"elementor-element elementor-element-2eaf3d6 e-con-full e-flex e-con e-parent\" data-id=\"2eaf3d6\" data-element_type=\"container\" data-e-type=\"container\" data-settings=\"{&quot;background_background&quot;:&quot;classic&quot;}\">\n\t\t<div class=\"elementor-element elementor-element-3acdcf2 e-con-full e-flex e-con e-child\" data-id=\"3acdcf2\" data-element_type=\"container\" data-e-type=\"container\">\n\t\t\t\t<div class=\"elementor-element elementor-element-e0a3a05 elementor-widget elementor-widget-theme-post-featured-image elementor-widget-image\" data-id=\"e0a3a05\" data-element_type=\"widget\" data-e-type=\"widget\" data-widget_type=\"theme-post-featured-image.default\">\n\t\t\t\t<div class=\"elementor-widget-container\">\n\t\t\t\t\t\t\t\t\t\t\t\t\t\t\t\t<a href=\"http:\/\/hittour.com.br\/?p=395\">\n\t\t\t\t\t\t\t<img fetchpriority=\"high\" decoding=\"async\" width=\"1157\" height=\"656\" src=\"http:\/\/hittour.com.br\/wp-content\/uploads\/2024\/08\/Solucoes-sob-medida-1.png\" class=\"attachment-full size-full wp-image-599\" alt=\"\" srcset=\"http:\/\/hittour.com.br\/wp-content\/uploads\/2024\/08\/Solucoes-sob-medida-1.png 1157w, http:\/\/hittour.com.br\/wp-content\/uploads\/2024\/08\/Solucoes-sob-medida-1-300x170.png 300w, http:\/\/hittour.com.br\/wp-content\/uploads\/2024\/08\/Solucoes-sob-medida-1-1024x581.png 1024w, http:\/\/hittour.com.br\/wp-content\/uploads\/2024\/08\/Solucoes-sob-medida-1-768x435.png 768w\" sizes=\"(max-width: 1157px) 100vw, 1157px\" \/>\t\t\t\t\t\t\t\t<\/a>\n\t\t\t\t\t\t\t\t\t\t\t\t\t\t\t<\/div>\n\t\t\t\t<\/div>\n\t\t\t\t<\/div>\n\t\t<div class=\"elementor-element elementor-element-b0e96fc e-con-full e-flex e-con e-child\" data-id=\"b0e96fc\" data-element_type=\"container\" data-e-type=\"container\">\n\t\t\t\t<div class=\"elementor-element elementor-element-812dd2a elementor-widget elementor-widget-theme-post-title elementor-page-title elementor-widget-heading\" data-id=\"812dd2a\" data-element_type=\"widget\" data-e-type=\"widget\" data-widget_type=\"theme-post-title.default\">\n\t\t\t\t<div class=\"elementor-widget-container\">\n\t\t\t\t\t<h3 class=\"elementor-heading-title elementor-size-default\"><a href=\"http:\/\/hittour.com.br\/?p=395\">Servi\u00e7o personalizado para cada projeto<\/a><\/h3>\t\t\t\t<\/div>\n\t\t\t\t<\/div>\n\t\t\t\t<div class=\"elementor-element elementor-element-21f6348 elementor-widget elementor-widget-theme-post-excerpt\" data-id=\"21f6348\" data-element_type=\"widget\" data-e-type=\"widget\" data-widget_type=\"theme-post-excerpt.default\">\n\t\t\t\t<div class=\"elementor-widget-container\">\n\t\t\t\t\t<p>Na Hit Tour, estamos empenhados em fornecer um servi\u00e7o personalizado que atenda \u00e0s suas necessidades espec\u00edficas, garantindo efici\u00eancia, economia e...\t\t\t\t<\/div>\n\t\t\t\t<\/div>\n\t\t\t\t<div class=\"elementor-element elementor-element-b6ef80b elementor-align-right elementor-widget elementor-widget-post-info\" data-id=\"b6ef80b\" data-element_type=\"widget\" data-e-type=\"widget\" data-widget_type=\"post-info.default\">\n\t\t\t\t<div class=\"elementor-widget-container\">\n\t\t\t\t\t\t\t<ul class=\"elementor-inline-items elementor-icon-list-items elementor-post-info\">\n\t\t\t\t\t\t\t\t<li class=\"elementor-icon-list-item elementor-repeater-item-08581df elementor-inline-item\" itemprop=\"datePublished\">\n\t\t\t\t\t\t<a href=\"http:\/\/hittour.com.br\/?m=20240828\">\n\t\t\t\t\t\t\t\t\t\t\t<span class=\"elementor-icon-list-icon\">\n\t\t\t\t\t\t\t\t<i aria-hidden=\"true\" class=\"far fa-calendar\"><\/i>\t\t\t\t\t\t\t<\/span>\n\t\t\t\t\t\t\t\t\t<span class=\"elementor-icon-list-text elementor-post-info__item elementor-post-info__item--type-date\">\n\t\t\t\t\t\t\t\t\t\t<time>28\/08\/2024<\/time>\t\t\t\t\t<\/span>\n\t\t\t\t\t\t\t\t\t<\/a>\n\t\t\t\t<\/li>\n\t\t\t\t<\/ul>\n\t\t\t\t\t\t<\/div>\n\t\t\t\t<\/div>\n\t\t\t\t<\/div>\n\t\t\t\t<\/div>\n\t\t\t\t<\/div>\n\t\t\t\t<div data-elementor-type=\"loop-item\" data-elementor-id=\"419\" class=\"elementor elementor-419 e-loop-item e-loop-item-391 post-391 post type-post status-publish format-standard has-post-thumbnail hentry category-uncategorized\" data-elementor-post-type=\"elementor_library\" data-custom-edit-handle=\"1\">\n\t\t\t<div class=\"elementor-element elementor-element-2eaf3d6 e-con-full e-flex e-con e-parent\" data-id=\"2eaf3d6\" data-element_type=\"container\" data-e-type=\"container\" data-settings=\"{&quot;background_background&quot;:&quot;classic&quot;}\">\n\t\t<div class=\"elementor-element elementor-element-3acdcf2 e-con-full e-flex e-con e-child\" data-id=\"3acdcf2\" data-element_type=\"container\" data-e-type=\"container\">\n\t\t\t\t<div class=\"elementor-element elementor-element-e0a3a05 elementor-widget elementor-widget-theme-post-featured-image elementor-widget-image\" data-id=\"e0a3a05\" data-element_type=\"widget\" data-e-type=\"widget\" data-widget_type=\"theme-post-featured-image.default\">\n\t\t\t\t<div class=\"elementor-widget-container\">\n\t\t\t\t\t\t\t\t\t\t\t\t\t\t\t\t<a href=\"http:\/\/hittour.com.br\/?p=391\">\n\t\t\t\t\t\t\t<img decoding=\"async\" width=\"1157\" height=\"656\" src=\"http:\/\/hittour.com.br\/wp-content\/uploads\/2024\/08\/01.png\" class=\"attachment-full size-full wp-image-592\" alt=\"\" srcset=\"http:\/\/hittour.com.br\/wp-content\/uploads\/2024\/08\/01.png 1157w, http:\/\/hittour.com.br\/wp-content\/uploads\/2024\/08\/01-300x170.png 300w, http:\/\/hittour.com.br\/wp-content\/uploads\/2024\/08\/01-1024x581.png 1024w, http:\/\/hittour.com.br\/wp-content\/uploads\/2024\/08\/01-768x435.png 768w\" sizes=\"(max-width: 1157px) 100vw, 1157px\" \/>\t\t\t\t\t\t\t\t<\/a>\n\t\t\t\t\t\t\t\t\t\t\t\t\t\t\t<\/div>\n\t\t\t\t<\/div>\n\t\t\t\t<\/div>\n\t\t<div class=\"elementor-element elementor-element-b0e96fc e-con-full e-flex e-con e-child\" data-id=\"b0e96fc\" data-element_type=\"container\" data-e-type=\"container\">\n\t\t\t\t<div class=\"elementor-element elementor-element-812dd2a elementor-widget elementor-widget-theme-post-title elementor-page-title elementor-widget-heading\" data-id=\"812dd2a\" data-element_type=\"widget\" data-e-type=\"widget\" data-widget_type=\"theme-post-title.default\">\n\t\t\t\t<div class=\"elementor-widget-container\">\n\t\t\t\t\t<h3 class=\"elementor-heading-title elementor-size-default\"><a href=\"http:\/\/hittour.com.br\/?p=391\">Mantenha o plano roteirizado<\/a><\/h3>\t\t\t\t<\/div>\n\t\t\t\t<\/div>\n\t\t\t\t<div class=\"elementor-element elementor-element-21f6348 elementor-widget elementor-widget-theme-post-excerpt\" data-id=\"21f6348\" data-element_type=\"widget\" data-e-type=\"widget\" data-widget_type=\"theme-post-excerpt.default\">\n\t\t\t\t<div class=\"elementor-widget-container\">\n\t\t\t\t\t<p>Estamos prontos para descomplicar seu trabalho com servi\u00e7os exclusivos e personalizados para voc\u00eas, produtores. Nossa equipe cuidar\u00e1 de todos os...\t\t\t\t<\/div>\n\t\t\t\t<\/div>\n\t\t\t\t<div class=\"elementor-element elementor-element-b6ef80b elementor-align-right elementor-widget elementor-widget-post-info\" data-id=\"b6ef80b\" data-element_type=\"widget\" data-e-type=\"widget\" data-widget_type=\"post-info.default\">\n\t\t\t\t<div class=\"elementor-widget-container\">\n\t\t\t\t\t\t\t<ul class=\"elementor-inline-items elementor-icon-list-items elementor-post-info\">\n\t\t\t\t\t\t\t\t<li class=\"elementor-icon-list-item elementor-repeater-item-08581df elementor-inline-item\" itemprop=\"datePublished\">\n\t\t\t\t\t\t<a href=\"http:\/\/hittour.com.br\/?m=20240828\">\n\t\t\t\t\t\t\t\t\t\t\t<span class=\"elementor-icon-list-icon\">\n\t\t\t\t\t\t\t\t<i aria-hidden=\"true\" class=\"far fa-calendar\"><\/i>\t\t\t\t\t\t\t<\/span>\n\t\t\t\t\t\t\t\t\t<span class=\"elementor-icon-list-text elementor-post-info__item elementor-post-info__item--type-date\">\n\t\t\t\t\t\t\t\t\t\t<time>28\/08\/2024<\/time>\t\t\t\t\t<\/span>\n\t\t\t\t\t\t\t\t\t<\/a>\n\t\t\t\t<\/li>\n\t\t\t\t<\/ul>\n\t\t\t\t\t\t<\/div>\n\t\t\t\t<\/div>\n\t\t\t\t<\/div>\n\t\t\t\t<\/div>\n\t\t\t\t<\/div>\n\t\t\t\t<\/div>\n\t\t\n\t\t\t\t\t\t<\/div>\n\t\t\t\t<\/div>\n\t\t\t\t\t<\/div>\n\t\t\t\t<\/div>\n\t\t\t\t<\/div>\n\t\t","protected":false},"excerpt":{"rendered":"<p>Novidades Novidades<\/p>\n","protected":false},"author":1,"featured_media":0,"parent":0,"menu_order":0,"comment_status":"closed","ping_status":"closed","template":"elementor_header_footer","meta":{"footnotes":""},"class_list":["post-48","page","type-page","status-publish","hentry"],"_links":{"self":[{"href":"http:\/\/hittour.com.br\/index.php?rest_route=\/wp\/v2\/pages\/48","targetHints":{"allow":["GET"]}}],"collection":[{"href":"http:\/\/hittour.com.br\/index.php?rest_route=\/wp\/v2\/pages"}],"about":[{"href":"http:\/\/hittour.com.br\/index.php?rest_route=\/wp\/v2\/types\/page"}],"author":[{"embeddable":true,"href":"http:\/\/hittour.com.br\/index.php?rest_route=\/wp\/v2\/users\/1"}],"replies":[{"embeddable":true,"href":"http:\/\/hittour.com.br\/index.php?rest_route=%2Fwp%2Fv2%2Fcomments&post=48"}],"version-history":[{"count":5,"href":"http:\/\/hittour.com.br\/index.php?rest_route=\/wp\/v2\/pages\/48\/revisions"}],"predecessor-version":[{"id":434,"href":"http:\/\/hittour.com.br\/index.php?rest_route=\/wp\/v2\/pages\/48\/revisions\/434"}],"wp:attachment":[{"href":"http:\/\/hittour.com.br\/index.php?rest_route=%2Fwp%2Fv2%2Fmedia&parent=48"}],"curies":[{"name":"wp","href":"https:\/\/api.w.org\/{rel}","templated":true}]}}